{"id":43,"date":"2024-11-18T20:52:59","date_gmt":"2024-11-18T20:52:59","guid":{"rendered":"https:\/\/www.rotarypozuelovilla.org\/?page_id=43"},"modified":"2024-12-07T18:59:03","modified_gmt":"2024-12-07T18:59:03","slug":"club","status":"publish","type":"page","link":"https:\/\/www.rotarypozuelovilla.org\/?page_id=43","title":{"rendered":"\u00bfQui\u00e9nes somos?"},"content":{"rendered":"\n<p>Rotary Club Pozuelo Villa nace en 2.009 con la convicci\u00f3n de que <em>el mundo puede ser un poquito mejor, <\/em>y de que los rotarios debemos trabajar conjuntamente para logarlo. Se integra as\u00ed en la red de m\u00e1s de 33.000 clubes existentes a lo largo de todo el mundo, adicionando casi 30 miembros a los 1,2 millones existentes. Rotary International fue fundada en 1905 por Paul Harris en Chicago.<\/p>\n\n\n\n<p>Rotary Club Pozuelo Villa agrupa profesionales de una \u00e9tica singular y de diferentes profesiones para as\u00ed enriquecer el grupo y complementarnos en nuestra especial vocaci\u00f3n de servicio a la comunidad.<\/p>\n\n\n\n<p>Rotary Club Pozuelo Villa es una asociaci\u00f3n sin \u00e1nimo de lucro fundada e integrada en Rotary International que ofrece la mejor v\u00eda para sus miembros de prestar un servicio a la comunidad en la que residen; y facilitando la comunicaci\u00f3n y participaci\u00f3n en las actividades de todos los dem\u00e1s clubes.<\/p>\n\n\n\n<p>Los <strong>objetivos<\/strong> esenciales son:<\/p>\n\n\n\n<ol class=\"wp-block-list\">\n<li>Prestaci\u00f3n de servicio a la comunidad para contribuir a su desarrollo y\/o mejora.<\/li>\n\n\n\n<li>Promoci\u00f3n de los valores profesionales y de la \u00e9tica personal.  <\/li>\n\n\n\n<li>Puesta a disposici\u00f3n a los asociados de las posibilidades que ofrece Rotary International.<\/li>\n\n\n\n<li>Mantenimiento de un n\u00famero de asociados suficientemente amplio y de calidad a los efectos de facilitar la consecuci\u00f3n de los objetivos.<\/li>\n\n\n\n<li>Potenciaci\u00f3n del valor del liderazgo en la juventud.<\/li>\n\n\n\n<li>Fomento de la paz en el mundo y, de manera concreta, en la sociedad en la que se asienta el Club.<\/li>\n<\/ol>\n\n\n\n<p>Y para su consecuci\u00f3n se desarrollar\u00e1n, entre otras, las siguientes <strong>actividades<\/strong>:<\/p>\n\n\n\n<ol class=\"wp-block-list\">\n<li>Actividades de prestaci\u00f3n de servicio a la comunidad.<\/li>\n\n\n\n<li>Actividades de recaudaci\u00f3n de fondos.<\/li>\n\n\n\n<li>Acuerdos con otros clubes y otras asociaciones para garanticen un mayor alcance de las actividades prestacionales y recaudatorias. <\/li>\n\n\n\n<li>Difusi\u00f3n de las actividades realizadas por Rotary Pozuelo Villa, mejorando la presencia en los medios.<\/li>\n\n\n\n<li>Cualquiera otra que guarde relaci\u00f3n con los fines se\u00f1alados en los presentes Estatutos.<\/li>\n<\/ol>\n\n\n\n<p><\/p>\n","protected":false},"excerpt":{"rendered":"<p>Rotary Club Pozuelo Villa nace en 2.009 con la convicci\u00f3n de que el mundo puede ser un poquito mejor, y de que los rotarios debemos trabajar conjuntamente para logarlo. Se integra as\u00ed en la red de m\u00e1s de 33.000 clubes existentes a lo largo de todo el mundo, adicionando casi 30 miembros a los 1,2 [&hellip;]<\/p>\n","protected":false},"author":1,"featured_media":0,"parent":0,"menu_order":0,"comment_status":"closed","ping_status":"closed","template":"","meta":{"footnotes":""},"class_list":["post-43","page","type-page","status-publish","hentry"],"_links":{"self":[{"href":"https:\/\/www.rotarypozuelovilla.org\/index.php?rest_route=\/wp\/v2\/pages\/43","targetHints":{"allow":["GET"]}}],"collection":[{"href":"https:\/\/www.rotarypozuelovilla.org\/index.php?rest_route=\/wp\/v2\/pages"}],"about":[{"href":"https:\/\/www.rotarypozuelovilla.org\/index.php?rest_route=\/wp\/v2\/types\/page"}],"author":[{"embeddable":true,"href":"https:\/\/www.rotarypozuelovilla.org\/index.php?rest_route=\/wp\/v2\/users\/1"}],"replies":[{"embeddable":true,"href":"https:\/\/www.rotarypozuelovilla.org\/index.php?rest_route=%2Fwp%2Fv2%2Fcomments&post=43"}],"version-history":[{"count":10,"href":"https:\/\/www.rotarypozuelovilla.org\/index.php?rest_route=\/wp\/v2\/pages\/43\/revisions"}],"predecessor-version":[{"id":134,"href":"https:\/\/www.rotarypozuelovilla.org\/index.php?rest_route=\/wp\/v2\/pages\/43\/revisions\/134"}],"wp:attachment":[{"href":"https:\/\/www.rotarypozuelovilla.org\/index.php?rest_route=%2Fwp%2Fv2%2Fmedia&parent=43"}],"curies":[{"name":"wp","href":"https:\/\/api.w.org\/{rel}","templated":true}]}}