{"id":9,"date":"2024-11-18T16:35:11","date_gmt":"2024-11-18T16:35:11","guid":{"rendered":"https:\/\/www.rotarypozuelovilla.org\/?page_id=9"},"modified":"2024-12-07T20:13:31","modified_gmt":"2024-12-07T20:13:31","slug":"contacto","status":"publish","type":"page","link":"https:\/\/www.rotarypozuelovilla.org\/?page_id=9","title":{"rendered":"Contacta"},"content":{"rendered":"\n<p>\u00bfTienes dudas? \u00bfTe gustar\u00eda saber m\u00e1s de nosotros? Escr\u00edbenos a trav\u00e9s de nuestro correo electr\u00f3nico&nbsp;<a href=\"mailto:hola@aemotur.es\">club@rotarypozuelo.org<\/a>&nbsp;o ven a vernos un d\u00eda a nuestra sede oficial en el Restaurante La Montefiore cuando hagamos una de nuestras reuniones de trabajo semanas o nuestras actividades rotarias.<\/p>\n\n\n\n<figure class=\"wp-block-image size-large\"><img loading=\"lazy\" decoding=\"async\" width=\"2560\" height=\"1440\" src=\"https:\/\/www.rotarypozuelovilla.org\/wp-content\/uploads\/2024\/12\/IMG_4727-edited-scaled.jpeg\" alt=\"\" class=\"wp-image-88\" srcset=\"https:\/\/www.rotarypozuelovilla.org\/wp-content\/uploads\/2024\/12\/IMG_4727-edited-scaled.jpeg 2560w, https:\/\/www.rotarypozuelovilla.org\/wp-content\/uploads\/2024\/12\/IMG_4727-edited-300x169.jpeg 300w, https:\/\/www.rotarypozuelovilla.org\/wp-content\/uploads\/2024\/12\/IMG_4727-edited-1024x576.jpeg 1024w, https:\/\/www.rotarypozuelovilla.org\/wp-content\/uploads\/2024\/12\/IMG_4727-edited-768x432.jpeg 768w, https:\/\/www.rotarypozuelovilla.org\/wp-content\/uploads\/2024\/12\/IMG_4727-edited-1536x864.jpeg 1536w, https:\/\/www.rotarypozuelovilla.org\/wp-content\/uploads\/2024\/12\/IMG_4727-edited-2048x1152.jpeg 2048w, https:\/\/www.rotarypozuelovilla.org\/wp-content\/uploads\/2024\/12\/IMG_4727-edited-1280x720.jpeg 1280w\" sizes=\"auto, (max-width: 2560px) 100vw, 2560px\" \/><\/figure>\n\n\n\n<figure class=\"wp-block-gallery has-nested-images columns-default is-cropped wp-block-gallery-1 is-layout-flex wp-block-gallery-is-layout-flex\">\n<figure class=\"wp-block-image size-large\"><img loading=\"lazy\" decoding=\"async\" width=\"1024\" height=\"768\" data-id=\"138\" src=\"https:\/\/www.rotarypozuelovilla.org\/wp-content\/uploads\/2024\/12\/IMG_1866-1024x768.jpeg\" alt=\"\" class=\"wp-image-138\" srcset=\"https:\/\/www.rotarypozuelovilla.org\/wp-content\/uploads\/2024\/12\/IMG_1866-1024x768.jpeg 1024w, https:\/\/www.rotarypozuelovilla.org\/wp-content\/uploads\/2024\/12\/IMG_1866-300x225.jpeg 300w, https:\/\/www.rotarypozuelovilla.org\/wp-content\/uploads\/2024\/12\/IMG_1866-768x576.jpeg 768w, https:\/\/www.rotarypozuelovilla.org\/wp-content\/uploads\/2024\/12\/IMG_1866-1536x1152.jpeg 1536w, https:\/\/www.rotarypozuelovilla.org\/wp-content\/uploads\/2024\/12\/IMG_1866-2048x1536.jpeg 2048w\" sizes=\"auto, (max-width: 1024px) 100vw, 1024px\" \/><\/figure>\n\n\n\n<figure class=\"wp-block-image size-large\"><img loading=\"lazy\" decoding=\"async\" width=\"1024\" height=\"768\" data-id=\"137\" src=\"https:\/\/www.rotarypozuelovilla.org\/wp-content\/uploads\/2024\/12\/IMG_1864-1024x768.jpeg\" alt=\"\" class=\"wp-image-137\" srcset=\"https:\/\/www.rotarypozuelovilla.org\/wp-content\/uploads\/2024\/12\/IMG_1864-1024x768.jpeg 1024w, https:\/\/www.rotarypozuelovilla.org\/wp-content\/uploads\/2024\/12\/IMG_1864-300x225.jpeg 300w, https:\/\/www.rotarypozuelovilla.org\/wp-content\/uploads\/2024\/12\/IMG_1864-768x576.jpeg 768w, https:\/\/www.rotarypozuelovilla.org\/wp-content\/uploads\/2024\/12\/IMG_1864-1536x1152.jpeg 1536w, https:\/\/www.rotarypozuelovilla.org\/wp-content\/uploads\/2024\/12\/IMG_1864-2048x1536.jpeg 2048w\" sizes=\"auto, (max-width: 1024px) 100vw, 1024px\" \/><\/figure>\n\n\n\n<figure class=\"wp-block-image size-large\"><img loading=\"lazy\" decoding=\"async\" width=\"1024\" height=\"768\" data-id=\"136\" src=\"https:\/\/www.rotarypozuelovilla.org\/wp-content\/uploads\/2024\/12\/IMG_3934-1024x768.jpeg\" alt=\"\" class=\"wp-image-136\" srcset=\"https:\/\/www.rotarypozuelovilla.org\/wp-content\/uploads\/2024\/12\/IMG_3934-1024x768.jpeg 1024w, https:\/\/www.rotarypozuelovilla.org\/wp-content\/uploads\/2024\/12\/IMG_3934-300x225.jpeg 300w, https:\/\/www.rotarypozuelovilla.org\/wp-content\/uploads\/2024\/12\/IMG_3934-768x576.jpeg 768w, https:\/\/www.rotarypozuelovilla.org\/wp-content\/uploads\/2024\/12\/IMG_3934-1536x1152.jpeg 1536w, https:\/\/www.rotarypozuelovilla.org\/wp-content\/uploads\/2024\/12\/IMG_3934-2048x1536.jpeg 2048w\" sizes=\"auto, (max-width: 1024px) 100vw, 1024px\" \/><\/figure>\n<\/figure>\n","protected":false},"excerpt":{"rendered":"<p>\u00bfTienes dudas? \u00bfTe gustar\u00eda saber m\u00e1s de nosotros? Escr\u00edbenos a trav\u00e9s de nuestro correo electr\u00f3nico&nbsp;club@rotarypozuelo.org&nbsp;o ven a vernos un d\u00eda a nuestra sede oficial en el Restaurante La Montefiore cuando hagamos una de nuestras reuniones de trabajo semanas o nuestras actividades rotarias.<\/p>\n","protected":false},"author":1,"featured_media":0,"parent":0,"menu_order":0,"comment_status":"closed","ping_status":"closed","template":"","meta":{"footnotes":""},"class_list":["post-9","page","type-page","status-publish","hentry"],"_links":{"self":[{"href":"https:\/\/www.rotarypozuelovilla.org\/index.php?rest_route=\/wp\/v2\/pages\/9","targetHints":{"allow":["GET"]}}],"collection":[{"href":"https:\/\/www.rotarypozuelovilla.org\/index.php?rest_route=\/wp\/v2\/pages"}],"about":[{"href":"https:\/\/www.rotarypozuelovilla.org\/index.php?rest_route=\/wp\/v2\/types\/page"}],"author":[{"embeddable":true,"href":"https:\/\/www.rotarypozuelovilla.org\/index.php?rest_route=\/wp\/v2\/users\/1"}],"replies":[{"embeddable":true,"href":"https:\/\/www.rotarypozuelovilla.org\/index.php?rest_route=%2Fwp%2Fv2%2Fcomments&post=9"}],"version-history":[{"count":4,"href":"https:\/\/www.rotarypozuelovilla.org\/index.php?rest_route=\/wp\/v2\/pages\/9\/revisions"}],"predecessor-version":[{"id":183,"href":"https:\/\/www.rotarypozuelovilla.org\/index.php?rest_route=\/wp\/v2\/pages\/9\/revisions\/183"}],"wp:attachment":[{"href":"https:\/\/www.rotarypozuelovilla.org\/index.php?rest_route=%2Fwp%2Fv2%2Fmedia&parent=9"}],"curies":[{"name":"wp","href":"https:\/\/api.w.org\/{rel}","templated":true}]}}